{"id":9,"date":"2024-07-10T11:51:51","date_gmt":"2024-07-10T11:51:51","guid":{"rendered":"https:\/\/rehberi.com.tr\/?page_id=9"},"modified":"2024-07-10T11:51:51","modified_gmt":"2024-07-10T11:51:51","slug":"hakkinda","status":"publish","type":"page","link":"https:\/\/rehberi.com.tr\/index.php\/hakkinda\/","title":{"rendered":"Hakk\u0131nda"},"content":{"rendered":"\n<div class=\"wp-block-group alignfull has-global-padding is-content-justification-center is-layout-constrained wp-block-group-is-layout-constrained\" style=\"margin-top:0;margin-bottom:0\">\n<div style=\"height:var(--wp--preset--spacing--20)\" aria-hidden=\"true\" class=\"wp-block-spacer\"><\/div>\n\n\n\n<div class=\"wp-block-group alignwide is-layout-flow wp-block-group-is-layout-flow\">\n<div class=\"wp-block-columns alignwide are-vertically-aligned-top is-layout-flex wp-container-core-columns-is-layout-5c8fb865 wp-block-columns-is-layout-flex\">\n<div class=\"wp-block-column is-vertically-aligned-top has-global-padding is-content-justification-left is-layout-constrained wp-container-core-column-is-layout-95996b15 wp-block-column-is-layout-constrained\">\n<h2 class=\"wp-block-heading\">Rehberi.com.tr: Her Sekt\u00f6rde G\u00fcvenilir Yol Arkada\u015f\u0131n\u0131z<\/h2>\n<\/div>\n\n\n\n<div class=\"wp-block-column is-vertically-aligned-top is-layout-flow wp-block-column-is-layout-flow\" style=\"flex-basis:40%\">\n<p><strong>rehberi.com.tr<\/strong>, bir\u00e7ok sekt\u00f6r\u00fc kapsayan geni\u015f bir rehber sunan bir internet sitesidir. \u0130\u015f d\u00fcnyas\u0131ndan hizmet sekt\u00f6r\u00fcne, sa\u011fl\u0131k ve e\u011fitimden sanata kadar pek \u00e7ok farkl\u0131 alanda g\u00fcncel bilgiler sa\u011flayarak kullan\u0131c\u0131lar\u0131na rehberlik eder. Hem bireysel kullan\u0131c\u0131lar hem de i\u015fletmeler i\u00e7in de\u011ferli bir kaynak olan Rehberi.com.tr, kullan\u0131c\u0131 dostu aray\u00fcz\u00fc ve kapsaml\u0131 i\u00e7erikleriyle \u00f6ne \u00e7\u0131kar. Sekt\u00f6rlere ili\u015fkin yararl\u0131 bilgilerin de yer ald\u0131\u011f\u0131 sitede, arad\u0131\u011f\u0131n\u0131z sekt\u00f6rdeki en iyi i\u015fletmeleri ve hizmetleri kolayca bulman\u0131z\u0131 sa\u011flar, b\u00f6ylece ihtiyac\u0131n\u0131za en uygun \u00e7\u00f6z\u00fcme h\u0131zl\u0131 ve etkili bir \u015fekilde ula\u015fabilirsiniz.<\/p>\n\n\n\n<div class=\"wp-block-buttons is-layout-flex wp-block-buttons-is-layout-flex\">\n<div class=\"wp-block-button\"><a class=\"wp-block-button__link wp-element-button\">Ana Sayfa<\/a><\/div>\n<\/div>\n<\/div>\n<\/div>\n\n\n\n<div style=\"height:var(--wp--preset--spacing--20)\" aria-hidden=\"true\" class=\"wp-block-spacer\"><\/div>\n\n\n\n<figure class=\"wp-block-image size-large\"><img decoding=\"async\" src=\"https:\/\/pd.w.org\/2023\/07\/44364b18862589f06.53436652.jpg\" alt=\"\" style=\"aspect-ratio:16\/9;object-fit:cover\"\/><\/figure>\n<\/div>\n\n\n\n<div style=\"height:var(--wp--preset--spacing--20)\" aria-hidden=\"true\" class=\"wp-block-spacer\"><\/div>\n<\/div>\n","protected":false},"excerpt":{"rendered":"<p>Rehberi.com.tr: Her Sekt\u00f6rde G\u00fcvenilir Yol Arkada\u015f\u0131n\u0131z rehberi.com.tr, bir\u00e7ok sekt\u00f6r\u00fc kapsayan geni\u015f bir rehber sunan bir internet sitesidir. \u0130\u015f d\u00fcnyas\u0131ndan hizmet sekt\u00f6r\u00fcne, sa\u011fl\u0131k ve e\u011fitimden sanata kadar pek \u00e7ok farkl\u0131 alanda g\u00fcncel bilgiler sa\u011flayarak kullan\u0131c\u0131lar\u0131na rehberlik eder. Hem bireysel kullan\u0131c\u0131lar hem de i\u015fletmeler i\u00e7in de\u011ferli bir kaynak olan Rehberi.com.tr, kullan\u0131c\u0131 dostu aray\u00fcz\u00fc ve kapsaml\u0131 i\u00e7erikleriyle \u00f6ne [&hellip;]<\/p>\n","protected":false},"author":1,"featured_media":0,"parent":0,"menu_order":0,"comment_status":"closed","ping_status":"closed","template":"","meta":{"footnotes":""},"class_list":["post-9","page","type-page","status-publish","hentry"],"_links":{"self":[{"href":"https:\/\/rehberi.com.tr\/index.php\/wp-json\/wp\/v2\/pages\/9","targetHints":{"allow":["GET"]}}],"collection":[{"href":"https:\/\/rehberi.com.tr\/index.php\/wp-json\/wp\/v2\/pages"}],"about":[{"href":"https:\/\/rehberi.com.tr\/index.php\/wp-json\/wp\/v2\/types\/page"}],"author":[{"embeddable":true,"href":"https:\/\/rehberi.com.tr\/index.php\/wp-json\/wp\/v2\/users\/1"}],"replies":[{"embeddable":true,"href":"https:\/\/rehberi.com.tr\/index.php\/wp-json\/wp\/v2\/comments?post=9"}],"version-history":[{"count":1,"href":"https:\/\/rehberi.com.tr\/index.php\/wp-json\/wp\/v2\/pages\/9\/revisions"}],"predecessor-version":[{"id":10,"href":"https:\/\/rehberi.com.tr\/index.php\/wp-json\/wp\/v2\/pages\/9\/revisions\/10"}],"wp:attachment":[{"href":"https:\/\/rehberi.com.tr\/index.php\/wp-json\/wp\/v2\/media?parent=9"}],"curies":[{"name":"wp","href":"https:\/\/api.w.org\/{rel}","templated":true}]}}